{"id":14,"date":"2016-04-07T00:52:38","date_gmt":"2016-04-07T00:52:38","guid":{"rendered":"http:\/\/www.patlach.com\/?page_id=14"},"modified":"2020-03-06T16:34:00","modified_gmt":"2020-03-06T21:34:00","slug":"contact","status":"publish","type":"page","link":"https:\/\/www.terrato.ca\/index.php\/contact\/","title":{"rendered":"Contactez-nous!"},"content":{"rendered":"<div class=\"su-spacer\" style=\"height:50px\"><\/div>\n<p class=\"style42 f-fp\"><strong><span class=\"style52\">\u00c0 votre tour de d\u00e9couvrir toute l\u2019\u00e9nergie de Terrato<\/span><\/strong><span class=\"style52\">!<\/span><\/p>\n<p class=\"style61\">Vous serez instantan\u00e9ment transport\u00e9s dans un univers carnavalesque o\u00f9 la chaleur c\u00f4toie la joie de vivre.<\/p>\n<p class=\"style64\">\n<p class=\"style61\">Combien co\u00fbtent nos diff\u00e9rentes formules? Communiquez avec nous et nous \u00e9valuerons votre demande pour y r\u00e9pondre au mieux!<\/p>\n<p class=\"style24\">\n<p class=\"style74\" style=\"text-align: right;\"><a href=\"tel:5149632950\"><span class=\"style41\">514-963-2950<\/span><\/a><\/p>\n<p class=\"style49\" style=\"text-align: right;\"><a href=\"mailto:productions.terrato@hotmail.com\"><span class=\"style41\">productions.terrato@hotmail.com<\/span><\/a><\/p>\n<div class=\"su-spacer\" style=\"height:50px\"><\/div>\n","protected":false},"excerpt":{"rendered":"<p>\u00c0 votre tour de d\u00e9couvrir toute l\u2019\u00e9nergie de Terrato! Vous serez instantan\u00e9ment transport\u00e9s dans un univers carnavalesque o\u00f9 la chaleur<\/p>\n","protected":false},"author":5,"featured_media":0,"parent":0,"menu_order":0,"comment_status":"closed","ping_status":"closed","template":"","meta":{"_exactmetrics_skip_tracking":false,"_exactmetrics_sitenote_active":false,"_exactmetrics_sitenote_note":"","_exactmetrics_sitenote_category":0,"footnotes":""},"class_list":["post-14","page","type-page","status-publish","hentry"],"_links":{"self":[{"href":"https:\/\/www.terrato.ca\/index.php\/wp-json\/wp\/v2\/pages\/14","targetHints":{"allow":["GET"]}}],"collection":[{"href":"https:\/\/www.terrato.ca\/index.php\/wp-json\/wp\/v2\/pages"}],"about":[{"href":"https:\/\/www.terrato.ca\/index.php\/wp-json\/wp\/v2\/types\/page"}],"author":[{"embeddable":true,"href":"https:\/\/www.terrato.ca\/index.php\/wp-json\/wp\/v2\/users\/5"}],"replies":[{"embeddable":true,"href":"https:\/\/www.terrato.ca\/index.php\/wp-json\/wp\/v2\/comments?post=14"}],"version-history":[{"count":6,"href":"https:\/\/www.terrato.ca\/index.php\/wp-json\/wp\/v2\/pages\/14\/revisions"}],"predecessor-version":[{"id":711,"href":"https:\/\/www.terrato.ca\/index.php\/wp-json\/wp\/v2\/pages\/14\/revisions\/711"}],"wp:attachment":[{"href":"https:\/\/www.terrato.ca\/index.php\/wp-json\/wp\/v2\/media?parent=14"}],"curies":[{"name":"wp","href":"https:\/\/api.w.org\/{rel}","templated":true}]}}