{"id":263,"date":"2018-01-24T11:40:24","date_gmt":"2018-01-24T16:40:24","guid":{"rendered":"http:\/\/www.terrato.ca\/?page_id=263"},"modified":"2025-01-15T12:40:51","modified_gmt":"2025-01-15T17:40:51","slug":"videos","status":"publish","type":"page","link":"https:\/\/www.terrato.ca\/index.php\/videos\/","title":{"rendered":"Vid\u00e9os"},"content":{"rendered":"\n<div class=\"su-spacer\" style=\"height:50px\"><\/div>\n\n\n\n<p class=\"has-text-align-center\"><strong>BOI AX\u00c9<\/strong><\/p>\n\n\n\n<figure class=\"wp-block-embed alignwide is-type-video is-provider-youtube wp-block-embed-youtube wp-embed-aspect-16-9 wp-has-aspect-ratio\"><div class=\"wp-block-embed__wrapper\">\n<iframe loading=\"lazy\"  id=\"_ytid_88076\" width=\"800\" height=\"450\"  data-origwidth=\"800\" data-origheight=\"450\"  src=\"https:\/\/www.youtube.com\/embed\/a48HjEtvid0?enablejsapi=1&#038;modestbranding=1&#038;autoplay=0&#038;cc_load_policy=0&#038;iv_load_policy=1&#038;loop=0&#038;rel=1&#038;showinfo=1&#038;fs=1&#038;playsinline=0&#038;autohide=2&#038;theme=dark&#038;color=red&#038;controls=2&#038;\" class=\"__youtube_prefs__\" title=\"YouTube player\"  allow=\"autoplay; encrypted-media\" allowfullscreen data-no-lazy=\"1\" data-skipgform_ajax_framebjll=\"\"><\/iframe>\n<\/div><\/figure>\n\n\n\n<div class=\"su-spacer\" style=\"height:50px\"><\/div>\n\n\n\n<p class=\"has-text-align-center\"><strong>D\u00c9KOL\u00c9<\/strong><br> Tir\u00e9 de notre&nbsp;deuxi\u00e8me album Atmosferas<\/p>\n\n\n\n<figure class=\"wp-block-embed alignwide is-type-video is-provider-youtube wp-block-embed-youtube wp-embed-aspect-16-9 wp-has-aspect-ratio\"><div class=\"wp-block-embed__wrapper\">\n<iframe loading=\"lazy\"  id=\"_ytid_58357\" width=\"800\" height=\"450\"  data-origwidth=\"800\" data-origheight=\"450\"  src=\"https:\/\/www.youtube.com\/embed\/FL69wPHEM6E?enablejsapi=1&#038;modestbranding=1&#038;autoplay=0&#038;cc_load_policy=0&#038;iv_load_policy=1&#038;loop=0&#038;rel=1&#038;showinfo=1&#038;fs=1&#038;playsinline=0&#038;autohide=2&#038;theme=dark&#038;color=red&#038;controls=2&#038;\" class=\"__youtube_prefs__\" title=\"YouTube player\"  allow=\"autoplay; encrypted-media\" allowfullscreen data-no-lazy=\"1\" data-skipgform_ajax_framebjll=\"\"><\/iframe>\n<\/div><\/figure>\n\n\n\n<div class=\"su-spacer\" style=\"height:50px\"><\/div>\n\n\n\n<p class=\"has-text-align-center\">  <strong>OTAN NOU Y\u00c9<\/strong><br>Tir\u00e9 de notre premier album Oxigenio. Montr\u00e9al 2014. Prestation avec groupe complet.<\/p>\n\n\n\n<figure class=\"wp-block-embed alignwide is-type-video is-provider-youtube wp-block-embed-youtube wp-embed-aspect-16-9 wp-has-aspect-ratio\"><div class=\"wp-block-embed__wrapper\">\n<iframe loading=\"lazy\"  id=\"_ytid_75320\" width=\"800\" height=\"450\"  data-origwidth=\"800\" data-origheight=\"450\"  src=\"https:\/\/www.youtube.com\/embed\/LNRXVRtRO18?enablejsapi=1&#038;modestbranding=1&#038;autoplay=0&#038;cc_load_policy=0&#038;iv_load_policy=1&#038;loop=0&#038;rel=1&#038;showinfo=1&#038;fs=1&#038;playsinline=0&#038;autohide=2&#038;theme=dark&#038;color=red&#038;controls=2&#038;\" class=\"__youtube_prefs__\" title=\"YouTube player\"  allow=\"autoplay; encrypted-media\" allowfullscreen data-no-lazy=\"1\" data-skipgform_ajax_framebjll=\"\"><\/iframe>\n<\/div><\/figure>\n\n\n\n<div class=\"su-spacer\" style=\"height:50px\"><\/div>\n\n\n\n<p class=\"has-text-align-center\"> D\u00e9fil\u00e9 de la fiert\u00e9 gaie, Toronto 2011. Prestation percussions. <\/p>\n\n\n\n<figure class=\"wp-block-embed alignwide is-type-video is-provider-youtube wp-block-embed-youtube wp-embed-aspect-16-9 wp-has-aspect-ratio\"><div class=\"wp-block-embed__wrapper\">\n<iframe loading=\"lazy\"  id=\"_ytid_69186\" width=\"800\" height=\"450\"  data-origwidth=\"800\" data-origheight=\"450\"  src=\"https:\/\/www.youtube.com\/embed\/enalU-McdO8?enablejsapi=1&#038;modestbranding=1&#038;autoplay=0&#038;cc_load_policy=0&#038;iv_load_policy=1&#038;loop=0&#038;rel=1&#038;showinfo=1&#038;fs=1&#038;playsinline=0&#038;autohide=2&#038;theme=dark&#038;color=red&#038;controls=2&#038;\" class=\"__youtube_prefs__\" title=\"YouTube player\"  allow=\"autoplay; encrypted-media\" allowfullscreen data-no-lazy=\"1\" data-skipgform_ajax_framebjll=\"\"><\/iframe>\n<\/div><\/figure>\n\n\n\n<div class=\"su-spacer\" style=\"height:50px\"><\/div>\n","protected":false},"excerpt":{"rendered":"<p>BOI AX\u00c9 D\u00c9KOL\u00c9 Tir\u00e9 de notre&nbsp;deuxi\u00e8me album Atmosferas OTAN NOU Y\u00c9Tir\u00e9 de notre premier album Oxigenio. Montr\u00e9al 2014. Prestation avec<\/p>\n","protected":false},"author":5,"featured_media":0,"parent":0,"menu_order":0,"comment_status":"closed","ping_status":"closed","template":"","meta":{"_exactmetrics_skip_tracking":false,"_exactmetrics_sitenote_active":false,"_exactmetrics_sitenote_note":"","_exactmetrics_sitenote_category":0,"footnotes":""},"class_list":["post-263","page","type-page","status-publish","hentry"],"_links":{"self":[{"href":"https:\/\/www.terrato.ca\/index.php\/wp-json\/wp\/v2\/pages\/263","targetHints":{"allow":["GET"]}}],"collection":[{"href":"https:\/\/www.terrato.ca\/index.php\/wp-json\/wp\/v2\/pages"}],"about":[{"href":"https:\/\/www.terrato.ca\/index.php\/wp-json\/wp\/v2\/types\/page"}],"author":[{"embeddable":true,"href":"https:\/\/www.terrato.ca\/index.php\/wp-json\/wp\/v2\/users\/5"}],"replies":[{"embeddable":true,"href":"https:\/\/www.terrato.ca\/index.php\/wp-json\/wp\/v2\/comments?post=263"}],"version-history":[{"count":23,"href":"https:\/\/www.terrato.ca\/index.php\/wp-json\/wp\/v2\/pages\/263\/revisions"}],"predecessor-version":[{"id":1199,"href":"https:\/\/www.terrato.ca\/index.php\/wp-json\/wp\/v2\/pages\/263\/revisions\/1199"}],"wp:attachment":[{"href":"https:\/\/www.terrato.ca\/index.php\/wp-json\/wp\/v2\/media?parent=263"}],"curies":[{"name":"wp","href":"https:\/\/api.w.org\/{rel}","templated":true}]}}