{"id":378,"date":"2018-04-16T14:03:45","date_gmt":"2018-04-16T18:03:45","guid":{"rendered":"http:\/\/www.terrato.ca\/?page_id=378"},"modified":"2024-06-21T17:30:54","modified_gmt":"2024-06-21T21:30:54","slug":"spectacles","status":"publish","type":"page","link":"https:\/\/www.terrato.ca\/index.php\/spectacles\/","title":{"rendered":"Spectacles"},"content":{"rendered":"\n<p><\/p>\n\n\n\n<p><\/p>\n\n\n\n<p><br><br><em>Voici quelques exemples de spectacles des derni\u00e8res ann\u00e9es<\/em>.<br><em>Pour rester au courant de nos activit\u00e9s, vous pouvez nous suivre sur <a href=\"https:\/\/www.facebook.com\/grupoterrato\">Facebook <\/a>ou <a href=\"https:\/\/www.instagram.com\/grupo_terrato\/\">Instagram<\/a><\/em>.<br><\/p>\n\n\n<div class=\"su-spacer\" style=\"height:50px\"><\/div>\n<h4>2022<\/h4>\n<p><b>Mai <\/b>:<\/p>\n<ul>\n<li>Comit\u00e9 Pare-Chocs, place \u00c9milie-Gamelin, Montr\u00e9al<\/li>\n<li>Spectacle au Parc Lafond, Montr\u00e9al<\/li>\n<\/ul>\n<p><b>Juin <\/b>:<\/p>\n<ul>\n<li>F\u00eate de Quartier, Laval<\/li>\n<li>Party de fin d&#8217;ann\u00e9e du Centre Champagnat, Montr\u00e9al<\/li>\n<li>Animation pour le Chic Resto Pop, Montr\u00e9al<\/li>\n<li>D\u00e9fil\u00e9 des Nations du Lions Club, Montr\u00e9al<\/li>\n<\/ul>\n<p><b>Juillet <\/b>:<\/p>\n<ul>\n<li>Parade pour la F\u00eate du Canada, Greenfield Park<\/li>\n<li>F\u00eate d&#8217;employ\u00e9s au Domaine St-Simon, Saint-Simon-de-Bagot<\/li>\n<li>Parade sur la Plaza Saint-Hubert, Montr\u00e9al<\/li>\n<li>Spectacle \u00e0 la Brasserie Albion, Joliette<\/li>\n<li>Nuits d&#8217;Afrique, Montr\u00e9al<\/li>\n<li>Animation sur la rue Ontario tous les jeudis, Montr\u00e9al<\/li>\n<\/ul>\n<p><b>Ao\u00fbt <\/b>:<\/p>\n<ul>\n<li>Nuits d&#8217;Afrique, Montr\u00e9al<\/li>\n<li>F\u00eate de la famille d&#8217;Hochelaga, Montr\u00e9al<\/li>\n<li>Animation sur la rue Ontario tous les jeudis, Montr\u00e9al<\/li>\n<\/ul>\n<p><b>Septembre <\/b>:<\/p>\n<ul>\n<li>F\u00eate de la rentr\u00e9e du Carrefour Familial Hochelaga, Montr\u00e9al<\/li>\n<li>Animation pour le Marathon Benava, Montr\u00e9al<\/li>\n<\/ul>\n<p><b>Novembre <\/b>:<\/p>\n<ul>\n<li>Animation au Village de No\u00ebl d&#8217;Atwater, Montr\u00e9al<\/li>\n<\/ul>\n<div class=\"su-divider su-divider-style-default\" style=\"margin:15px 0;border-width:2px;border-color:#999999\"><\/div>\n<h4>2021<\/h4>\n<p><b>Juin <\/b>:<\/p>\n<ul>\n<li>Animation pour le Chic Resto Pop, Montr\u00e9al<\/li>\n<\/ul>\n<p><b>Juillet <\/b>:<\/p>\n<ul>\n<li>Parade pour la F\u00eate du Canada, Greenfield Park<\/li>\n<li><a href=\"https:\/\/www.lecoeurdelile.com\/\">Les Aventures du Coeur de l&#8217;\u00eele<\/a><\/li>\n<\/ul>\n<p><b>Ao\u00fbt <\/b>:<\/p>\n<ul>\n<li>Animation pour le Chic Resto Pop, Montr\u00e9al<\/li>\n<li>Spectacle au Puc Mocador, Sutton<\/li>\n<\/ul>\n<p><b>Septembre <\/b>:<\/p>\n<ul>\n<li>Spectacle pour l&#8217;\u00e9cole primaire Saint-Mathieu, Montr\u00e9al<\/li>\n<li>Spectacle pour l&#8217;\u00e9cole secondaire \u00c9douard-Montpetit, Montr\u00e9al<\/li>\n<li>Spectacle \u00e0 la Brasserie Albion, Joliette<\/li>\n<\/ul>\n<p><b>Octobre<\/b>:<\/p>\n<ul>\n<li>Spectacle pour l&#8217;\u00e9cole primaire Saint-Jean-de-la-Lande, Montr\u00e9al<\/li>\n<\/ul>\n<div class=\"su-divider su-divider-style-default\" style=\"margin:15px 0;border-width:2px;border-color:#999999\"><\/div>\n<h4>\u00a0<\/h4>\n<h4>2020<\/h4>\n<p><strong>F\u00e9vrier<\/strong>\u00a0:<\/p>\n<ul>\n<li><a href=\"https:\/\/www.facebook.com\/events\/521155511725983\/\" target=\"_blank\" rel=\"noopener noreferrer\">Muusika ja M\u00f5tted and Terrato at Nuit blanche<\/a>, Montr\u00e9al<\/li>\n<\/ul>\n<div class=\"su-divider su-divider-style-default\" style=\"margin:15px 0;border-width:2px;border-color:#999999\"><\/div>\n<h4>2019<\/h4>\n<p><strong>Mars<\/strong>\u00a0:<\/p>\n<ul>\n<li><a href=\"https:\/\/www.facebook.com\/events\/521155511725983\/\" target=\"_blank\" rel=\"noopener noreferrer\">Carnaval Br\u00e9silien, Th\u00e9\u00e2tre Plaza<\/a>, Montr\u00e9al (formule Full Band)<\/li>\n<\/ul>\n<p><strong>Avril<\/strong> :<\/p>\n<ul>\n<li><a href=\"https:\/\/www.facebook.com\/events\/322343475307085\/\" target=\"_blank\" rel=\"noopener noreferrer\">Show b\u00e9n\u00e9fice LESPACEMAKER<\/a>, Montr\u00e9al<\/li>\n<li><a href=\"https:\/\/www.facebook.com\/events\/557804044740067\/\" target=\"_blank\" rel=\"noopener noreferrer\">Grande manifestation de la Semaine de la Terre<\/a>, Montr\u00e9al<\/li>\n<\/ul>\n<p><strong>Mai<\/strong>\u00a0:<\/p>\n<ul>\n<li>Spectacle \u00e0 la Place \u00c9milie-Gamelin, Montr\u00e9al<\/li>\n<li>F\u00eate de la famille Promenade Masson, Montr\u00e9al<\/li>\n<\/ul>\n<p><strong>Juin<\/strong>\u00a0:<\/p>\n<ul>\n<li><a href=\"http:\/\/www.festivalportugalmontreal.com\/\" target=\"_blank\" rel=\"noopener noreferrer\">Festival Portugal<\/a>, Montr\u00e9al (formule Full Band mini-formation)<\/li>\n<\/ul>\n<p><strong>Juillet<\/strong> :<\/p>\n<ul>\n<li>Parade pour la F\u00eate du Canada, Greenfield Park<\/li>\n<li>Vente trottoir Sainte-Catherine, Montr\u00e9al<\/li>\n<li><a href=\"http:\/\/www.festivaljamm.com\/\" target=\"_blank\" rel=\"noopener noreferrer\">Festival Jamm<\/a>, Sutton<\/li>\n<\/ul>\n<p><strong>Ao\u00fbt<\/strong> :<\/p>\n<ul>\n<li><a href=\"https:\/\/musiqueduboutdumonde.com\/\" target=\"_blank\" rel=\"noopener noreferrer\">Festival Musique du Bout du Monde<\/a>, Gasp\u00e9<\/li>\n<li>Spectacle sur sc\u00e8ne, Saint-Lambert (formule Full Band)<\/li>\n<\/ul>\n<p><b>Septembre<\/b>:<\/p>\n<ul>\n<li>F\u00eate de quartier de Rosemont, Montr\u00e9al<\/li>\n<\/ul>\n<p><b>Novembre<\/b>:<\/p>\n<ul>\n<li><a href=\"https:\/\/www.facebook.com\/events\/2365757213492696\/\">Pandemonium II &#8211; Lev\u00e9e de fonds nocturne<\/a><\/li>\n<\/ul>\n<div class=\"su-divider su-divider-style-default\" style=\"margin:15px 0;border-width:2px;border-color:#999999\"><\/div>\n<h4>2018<\/h4>\n<p><strong>F\u00e9vrier <\/strong>:<\/p>\n<ul>\n<li>Lancement de l\u2019album \u00ab Atmosferas\u00bb au Th\u00e9\u00e2tre Plaza, Montr\u00e9al<\/li>\n<\/ul>\n<p><strong>Avril<\/strong> :<\/p>\n<ul>\n<li>Jour de la terre, Parc du Mont-Royal, Montr\u00e9al<\/li>\n<\/ul>\n<p><strong>Mai<\/strong> :<\/p>\n<ul>\n<li>Comit\u00e9 Pare-Chocs, place \u00c9milie-Gamelin, Montr\u00e9al<\/li>\n<li>F\u00eate de la famille \u00e0 Rosemont, parc Lafond<\/li>\n<li>\u00c9v\u00e8nement priv\u00e9 \u00e0 la th\u00e9matique du Carnival de Rio (formule Full Band)<\/li>\n<\/ul>\n<p><strong>Juin<\/strong>\u00a0:<\/p>\n<ul>\n<li>Gala 10e anniversaire du Club aquatique de la Pointe-de-l\u2019\u00eele<\/li>\n<li>Festival Latin Sparks, Ottawa<\/li>\n<li>Gala des finissants \u00e0 l&#8217;\u00c9cole Edouard-Montpetit, Montr\u00e9al<\/li>\n<\/ul>\n<p><strong>Juillet<\/strong>\u00a0:<\/p>\n<ul>\n<li>Parade pour la F\u00eate du Canada, Greenfield Park<\/li>\n<\/ul>\n<p><strong>Ao\u00fbt<\/strong>\u00a0:<\/p>\n<ul>\n<li>BAM (Baterias associ\u00e9es de Montr\u00e9al), Parc Lafond, Montreal<\/li>\n<li>Parade de Fiert\u00e9 Montr\u00e9al<\/li>\n<\/ul>\n<div class=\"su-divider su-divider-style-default\" style=\"margin:15px 0;border-width:2px;border-color:#999999\"><\/div>\n<h4>2017<\/h4>\n<p><strong>Juin<\/strong>\u00a0:<\/p>\n<ul>\n<li>Marathon des pompiers, Laval<\/li>\n<li>Cl\u00f4ture du Festival international de Capoeira, Montr\u00e9al<\/li>\n<\/ul>\n<p><strong>Juillet <\/strong>:<\/p>\n<ul>\n<li>F\u00eate du Canada, Greenfield Park<\/li>\n<li>Parade pour la vente trottoir Ste-Catherine, Montr\u00e9al<\/li>\n<\/ul>\n<p><strong>Ao\u00fbt<\/strong>\u00a0:<\/p>\n<ul>\n<li>Parade pour la Grande Fabrique, Hochelaga, Montr\u00e9al<\/li>\n<\/ul>\n<div class=\"su-divider su-divider-style-default\" style=\"margin:15px 0;border-width:2px;border-color:#999999\"><\/div>\n<h4>2016<\/h4>\n<p><strong>F\u00e9vrier<\/strong> :<\/p>\n<ul>\n<li>Carnaval Br\u00e9silien 4.0 Turbo, Th\u00e9\u00e2tre Plaza, Montr\u00e9al<\/li>\n<\/ul>\n<p><strong>Mai<\/strong> :<\/p>\n<ul>\n<li>Marathon SSQ, Longueuil<\/li>\n<\/ul>\n<p><strong>Juin<\/strong> :<\/p>\n<ul>\n<li>Grande Bateria Express, Toronto<\/li>\n<\/ul>\n<p><strong>Juillet<\/strong> :<\/p>\n<ul>\n<li>F\u00eate du Canada au parc Major\u2019s Hill, Ottawa<\/li>\n<li>Parade pour la vente trottoir Ste-Catherine, Montr\u00e9al<\/li>\n<li>Spectacle de comm\u00e9moration des Jeux Olympiques au Stade Olympique, Montr\u00e9al<\/li>\n<\/ul>\n<p><strong>D\u00e9cembre<\/strong> :<\/p>\n<ul>\n<li>150\u00e8me anniversaire du Canada, Mus\u00e9e canadien de l\u2019histoire, Gatineau<\/li>\n<\/ul>\n<div class=\"su-divider su-divider-style-default\" style=\"margin:15px 0;border-width:2px;border-color:#999999\"><\/div>\n<h4>2015<\/h4>\n<p><strong>F\u00e9vrier<\/strong> :<\/p>\n<ul>\n<li>Carnaval Br\u00e9silien, Th\u00e9\u00e2tre Plaza, Montr\u00e9al<\/li>\n<\/ul>\n<p><strong>Mai<\/strong> :<\/p>\n<ul>\n<li>Quintessence Grande f\u00eate de quartier, Laval<\/li>\n<\/ul>\n<p><strong>Juin<\/strong> :<\/p>\n<ul>\n<li>Grande Bateria Express, Toronto<\/li>\n<li>Foire commerciale vente trottoir Hochelaga Maisonneuve, Montr\u00e9al<\/li>\n<li>Festival Latin Sparks, Ottawa<\/li>\n<\/ul>\n<p><strong>Juillet<\/strong> :<\/p>\n<ul>\n<li>Carnaval br\u00e9silien pour les Week-Ends du Monde, Parc Jean-Drapeau, Montr\u00e9al<\/li>\n<\/ul>\n<p><strong>Octobre<\/strong> :<\/p>\n<ul>\n<li>Parade pour la Journ\u00e9e Mondiale de la sant\u00e9 mentale, Montr\u00e9al<\/li>\n<\/ul>\n<p><strong>Novembre<\/strong> :<\/p>\n<ul>\n<li>Parade de No\u00ebl au Centre Laval<\/li>\n<\/ul>\n\n\n<p><em>Voici quelques exemples de spectacles des derni\u00e8res ann\u00e9es!<\/em><\/p>\n","protected":false},"excerpt":{"rendered":"<p>Voici quelques exemples de spectacles des derni\u00e8res ann\u00e9es.Pour rester au courant de nos activit\u00e9s, vous pouvez nous suivre sur Facebook<\/p>\n","protected":false},"author":5,"featured_media":0,"parent":0,"menu_order":0,"comment_status":"closed","ping_status":"closed","template":"","meta":{"_exactmetrics_skip_tracking":false,"_exactmetrics_sitenote_active":false,"_exactmetrics_sitenote_note":"","_exactmetrics_sitenote_category":0,"footnotes":""},"class_list":["post-378","page","type-page","status-publish","hentry"],"_links":{"self":[{"href":"https:\/\/www.terrato.ca\/index.php\/wp-json\/wp\/v2\/pages\/378","targetHints":{"allow":["GET"]}}],"collection":[{"href":"https:\/\/www.terrato.ca\/index.php\/wp-json\/wp\/v2\/pages"}],"about":[{"href":"https:\/\/www.terrato.ca\/index.php\/wp-json\/wp\/v2\/types\/page"}],"author":[{"embeddable":true,"href":"https:\/\/www.terrato.ca\/index.php\/wp-json\/wp\/v2\/users\/5"}],"replies":[{"embeddable":true,"href":"https:\/\/www.terrato.ca\/index.php\/wp-json\/wp\/v2\/comments?post=378"}],"version-history":[{"count":61,"href":"https:\/\/www.terrato.ca\/index.php\/wp-json\/wp\/v2\/pages\/378\/revisions"}],"predecessor-version":[{"id":1082,"href":"https:\/\/www.terrato.ca\/index.php\/wp-json\/wp\/v2\/pages\/378\/revisions\/1082"}],"wp:attachment":[{"href":"https:\/\/www.terrato.ca\/index.php\/wp-json\/wp\/v2\/media?parent=378"}],"curies":[{"name":"wp","href":"https:\/\/api.w.org\/{rel}","templated":true}]}}