{"id":4,"date":"2016-04-07T00:50:55","date_gmt":"2016-04-07T00:50:55","guid":{"rendered":"http:\/\/www.patlach.com\/?page_id=4"},"modified":"2025-01-06T15:20:11","modified_gmt":"2025-01-06T20:20:11","slug":"terrato","status":"publish","type":"page","link":"https:\/\/www.terrato.ca\/","title":{"rendered":"Terrato"},"content":{"rendered":"\n<div style=\"height:45px\" aria-hidden=\"true\" class=\"wp-block-spacer\"><\/div>\n\n\n\n<h3 class=\"wp-block-heading\"><div class=\"su-spacer\" style=\"height:15px\"><\/div><\/h3>\n\n\n\n<h3 class=\"wp-block-heading has-text-align-center\">PR\u00c8S DE 30 MUSICIENS POUR L&#8217;ANIMATION DE VOS \u00c9V\u00c9NEMENTS<\/h3>\n\n\n\n<p class=\"has-text-align-center\">Nous sommes pr\u00eats \u00e0 recevoir vos demandes, nous avons h\u00e2te de jouer pour vous!<\/p>\n\n\n\n<p class=\"has-text-align-center\"><a href=\"tel:5149632950\">514-963-2950<\/a><br><a href=\"mailto:productions.terrato@hotmail.com\">productions.terrato@hotmail.com<\/a><\/p>\n\n\n\n<p><\/p>\n\n\n\n<h3 class=\"wp-block-heading\"><div class=\"su-spacer\" style=\"height:30px\"><\/div><\/h3>\n\n\n\n<div class=\"alignwide\"><div id=\"metaslider-id-1042\" style=\"width: 100%;\" class=\"ml-slider-3-30-1 metaslider metaslider-responsive metaslider-1042 ml-slider\">\n    <div id=\"metaslider_container_1042\">\n        <ul id='metaslider_1042' class='rslides'>\n            <li><img loading=\"lazy\" decoding=\"async\" src=\"https:\/\/www.terrato.ca\/wp-content\/uploads\/2025\/01\/groupe_3-1-scaled-1000x600.jpg\" height=\"600\" width=\"1000\" alt=\"\" class=\"slider-1042 slide-1171\" title=\"groupe_3\" \/><\/li>\n            <li style='display: none;'><img loading=\"lazy\" decoding=\"async\" src=\"https:\/\/www.terrato.ca\/wp-content\/uploads\/2023\/05\/slide5-1000x600.jpg\" height=\"600\" width=\"1000\" alt=\"\" class=\"slider-1042 slide-1054\" title=\"slide5\" \/><\/li>\n            <li style='display: none;'><img loading=\"lazy\" decoding=\"async\" src=\"https:\/\/www.terrato.ca\/wp-content\/uploads\/2025\/01\/464360764_1066848838779046_2212794967403058158_n-1000x600.jpg\" height=\"600\" width=\"1000\" alt=\"\" class=\"slider-1042 slide-1168\" title=\"464360764_1066848838779046_2212794967403058158_n\" \/><\/li>\n            <li style='display: none;'><img loading=\"lazy\" decoding=\"async\" src=\"https:\/\/www.terrato.ca\/wp-content\/uploads\/2023\/05\/slide1-937x562.jpg\" height=\"600\" width=\"1000\" alt=\"\" class=\"slider-1042 slide-1050\" title=\"slide1\" \/><\/li>\n            <li style='display: none;'><img loading=\"lazy\" decoding=\"async\" src=\"https:\/\/www.terrato.ca\/wp-content\/uploads\/2025\/01\/gaspesie_2-900x540.jpeg\" height=\"600\" width=\"1000\" alt=\"\" class=\"slider-1042 slide-1194\" title=\"Gasp\u00e9sie\" \/><\/li>\n            <li style='display: none;'><img loading=\"lazy\" decoding=\"async\" src=\"https:\/\/www.terrato.ca\/wp-content\/uploads\/2025\/01\/groupe-1000x600.jpg\" height=\"600\" width=\"1000\" alt=\"\" class=\"slider-1042 slide-1164\" title=\"groupe\" \/><\/li>\n            <li style='display: none;'><img loading=\"lazy\" decoding=\"async\" src=\"https:\/\/www.terrato.ca\/wp-content\/uploads\/2025\/01\/464525472_1066850398778890_4792411028451917637_n-1000x600.jpg\" height=\"600\" width=\"1000\" alt=\"\" class=\"slider-1042 slide-1169\" title=\"464525472_1066850398778890_4792411028451917637_n\" \/><\/li>\n        <\/ul>\n        \n    <\/div>\n<\/div><\/div>\n\n\n\n<h3 class=\"wp-block-heading\"><div class=\"su-spacer\" style=\"height:30px\"><\/div><\/h3>\n\n\n\n<figure class=\"wp-block-embed alignfull is-type-video is-provider-youtube wp-block-embed-youtube wp-embed-aspect-16-9 wp-has-aspect-ratio\"><div class=\"wp-block-embed__wrapper\">\n<iframe loading=\"lazy\"  id=\"_ytid_15305\" width=\"800\" height=\"450\"  data-origwidth=\"800\" data-origheight=\"450\"  src=\"https:\/\/www.youtube.com\/embed\/a48HjEtvid0?enablejsapi=1&#038;modestbranding=1&#038;autoplay=0&#038;cc_load_policy=0&#038;iv_load_policy=1&#038;loop=0&#038;rel=1&#038;showinfo=1&#038;fs=1&#038;playsinline=0&#038;autohide=2&#038;theme=dark&#038;color=red&#038;controls=2&#038;\" class=\"__youtube_prefs__\" title=\"YouTube player\"  allow=\"autoplay; encrypted-media\" allowfullscreen data-no-lazy=\"1\" data-skipgform_ajax_framebjll=\"\"><\/iframe>\n<\/div><\/figure>\n\n\n\n<h3 class=\"wp-block-heading\"><div class=\"su-spacer\" style=\"height:90px\"><\/div><\/h3>\n\n\n\n<div class=\"alignwide\"><div id=\"metaslider-id-566\" style=\"width: 100%;\" class=\"ml-slider-3-30-1 metaslider metaslider-responsive metaslider-566 ml-slider ms-theme-highway has-dots-nav\">\n    <div id=\"metaslider_container_566\">\n        <ul id='metaslider_566' class='rslides'>\n            <li><img loading=\"lazy\" decoding=\"async\" src=\"https:\/\/www.terrato.ca\/wp-content\/uploads\/2019\/06\/38036886_10156179570444818_6575627017876668416_o-1000x600.jpg\" height=\"600\" width=\"1000\" alt=\"\" class=\"slider-566 slide-570\" title=\"Animations de foule - slider\" \/><div class=\"caption-wrap\"><div class=\"caption\">Percussions br\u00e9siliennes<\/div><\/div><\/li>\n            <li style='display: none;'><img loading=\"lazy\" decoding=\"async\" src=\"https:\/\/www.terrato.ca\/wp-content\/uploads\/2019\/06\/65375940_391212988159269_2980252642481012736_n-1000x600.jpg\" height=\"600\" width=\"1000\" alt=\"\" class=\"slider-566 slide-622\" title=\"65375940_391212988159269_2980252642481012736_n\" \/><div class=\"caption-wrap\"><div class=\"caption\">Prestations avec des musiciens de talent<\/div><\/div><\/li>\n            <li style='display: none;'><img loading=\"lazy\" decoding=\"async\" src=\"https:\/\/www.terrato.ca\/wp-content\/uploads\/2019\/06\/41830052_2286912334656707_1834175529037594624_o-1-1000x600.jpg\" height=\"600\" width=\"1000\" alt=\"\" class=\"slider-566 slide-585\" title=\"Comit\u00e9 de gestion\" \/><div class=\"caption-wrap\"><div class=\"caption\">Nouvelles sessions de cours \u00e0 chaque ann\u00e9e<\/div><\/div><\/li>\n        <\/ul>\n        \n    <\/div>\n<\/div><\/div>\n","protected":false},"excerpt":{"rendered":"<p>PR\u00c8S DE 30 MUSICIENS POUR L&#8217;ANIMATION DE VOS \u00c9V\u00c9NEMENTS Nous sommes pr\u00eats \u00e0 recevoir vos demandes, nous avons h\u00e2te de<\/p>\n","protected":false},"author":5,"featured_media":0,"parent":0,"menu_order":0,"comment_status":"closed","ping_status":"closed","template":"","meta":{"_exactmetrics_skip_tracking":false,"_exactmetrics_sitenote_active":false,"_exactmetrics_sitenote_note":"","_exactmetrics_sitenote_category":0,"footnotes":""},"class_list":["post-4","page","type-page","status-publish","hentry"],"_links":{"self":[{"href":"https:\/\/www.terrato.ca\/index.php\/wp-json\/wp\/v2\/pages\/4","targetHints":{"allow":["GET"]}}],"collection":[{"href":"https:\/\/www.terrato.ca\/index.php\/wp-json\/wp\/v2\/pages"}],"about":[{"href":"https:\/\/www.terrato.ca\/index.php\/wp-json\/wp\/v2\/types\/page"}],"author":[{"embeddable":true,"href":"https:\/\/www.terrato.ca\/index.php\/wp-json\/wp\/v2\/users\/5"}],"replies":[{"embeddable":true,"href":"https:\/\/www.terrato.ca\/index.php\/wp-json\/wp\/v2\/comments?post=4"}],"version-history":[{"count":85,"href":"https:\/\/www.terrato.ca\/index.php\/wp-json\/wp\/v2\/pages\/4\/revisions"}],"predecessor-version":[{"id":1172,"href":"https:\/\/www.terrato.ca\/index.php\/wp-json\/wp\/v2\/pages\/4\/revisions\/1172"}],"wp:attachment":[{"href":"https:\/\/www.terrato.ca\/index.php\/wp-json\/wp\/v2\/media?parent=4"}],"curies":[{"name":"wp","href":"https:\/\/api.w.org\/{rel}","templated":true}]}}