{"id":640,"date":"2019-07-20T11:31:34","date_gmt":"2019-07-20T15:31:34","guid":{"rendered":"http:\/\/www.terrato.ca\/?page_id=640"},"modified":"2025-01-05T14:43:42","modified_gmt":"2025-01-05T19:43:42","slug":"fondateur","status":"publish","type":"page","link":"https:\/\/www.terrato.ca\/index.php\/fondateur\/","title":{"rendered":"Fondateur"},"content":{"rendered":"\n<div class=\"su-spacer\" style=\"height:50px\"><\/div>\n\n\n\n<p class=\"has-text-align-center has-large-font-size\"><strong>JOE MEPHISTO<\/strong><\/p>\n\n\n\n<div class=\"su-spacer\" style=\"height:30px\"><\/div>\n\n\n<div class=\"wp-block-image\">\n<figure class=\"alignleft size-large is-resized\"><img loading=\"lazy\" decoding=\"async\" width=\"682\" height=\"1024\" src=\"http:\/\/www.terrato.ca\/wp-content\/uploads\/2019\/07\/61664901_2697706860243917_8813457557805858816_o-682x1024.jpg\" alt=\"\" class=\"wp-image-644\" style=\"width:237px;height:auto\" srcset=\"https:\/\/www.terrato.ca\/wp-content\/uploads\/2019\/07\/61664901_2697706860243917_8813457557805858816_o-682x1024.jpg 682w, https:\/\/www.terrato.ca\/wp-content\/uploads\/2019\/07\/61664901_2697706860243917_8813457557805858816_o-200x300.jpg 200w, https:\/\/www.terrato.ca\/wp-content\/uploads\/2019\/07\/61664901_2697706860243917_8813457557805858816_o-768x1152.jpg 768w, https:\/\/www.terrato.ca\/wp-content\/uploads\/2019\/07\/61664901_2697706860243917_8813457557805858816_o.jpg 853w\" sizes=\"auto, (max-width: 682px) 100vw, 682px\" \/><\/figure><\/div>\n\n\n<p style=\"text-align: justify;\">N\u00e9 en 1980 et initi\u00e9 \u00e0 la musique depuis l\u2019\u00e2ge de 6 ans au piano par sa m\u00e8re, Joe a eu la chance de pratiquer avec plusieurs formations\/professeurs ici au Qu\u00e9bec et \u00e0 travers le monde afin de constamment apprendre les rythmes de tous les pays! Son \u00e9veil musical d\u00e9bute il y a 40 ans, avec la musique traditionnelle du Qu\u00e9bec, et poursuit son chemin en passant par l\u2019Afrique, le Br\u00e9sil, le Japon, la Guadeloupe, Isra\u00ebl et la R\u00e9publique Dominicaine!<\/p>\n\n\n\n<p style=\"text-align: justify;\">De nature geek, sa passion pour les jeux vid\u00e9o l\u2019am\u00e8ne \u00e0 d\u00e9couvrir la musique classique et le compositeur japonais Nobuo Uematsu, dont les percussions attirent son int\u00e9r\u00eat tr\u00e8s rapidement. En 1991, il d\u00e9couvre le Djemb\u00e9 dans un gala de fin d\u2019ann\u00e9e au secondaire et d\u00e9cide de prendre tout ce qui existe comme cours de musique\/percussions. Il apprendra les arts de la sc\u00e8ne tout au long du secondaire, afin de perfectionner ses connaissances pour le futur. Il sait d\u00e9j\u00e0 que le monde du spectacle fera partie de sa vie.<\/p>\n\n\n<div class=\"wp-block-image\">\n<figure class=\"alignright size-large is-resized\"><img loading=\"lazy\" decoding=\"async\" width=\"1024\" height=\"1024\" src=\"https:\/\/www.terrato.ca\/wp-content\/uploads\/2025\/01\/Joe_3-1024x1024.jpg\" alt=\"\" class=\"wp-image-1089\" style=\"width:297px;height:auto\" srcset=\"https:\/\/www.terrato.ca\/wp-content\/uploads\/2025\/01\/Joe_3-1024x1024.jpg 1024w, https:\/\/www.terrato.ca\/wp-content\/uploads\/2025\/01\/Joe_3-300x300.jpg 300w, https:\/\/www.terrato.ca\/wp-content\/uploads\/2025\/01\/Joe_3-150x150.jpg 150w, https:\/\/www.terrato.ca\/wp-content\/uploads\/2025\/01\/Joe_3-1536x1536.jpg 1536w, https:\/\/www.terrato.ca\/wp-content\/uploads\/2025\/01\/Joe_3-2048x2048.jpg 2048w\" sizes=\"auto, (max-width: 1024px) 100vw, 1024px\" \/><\/figure><\/div>\n\n\n<p style=\"text-align: justify;\">De 1993 \u00e0 aujourd\u2019hui, la percussion africaine prendra une place \u00e9norme dans le r\u00e9pertoire de Joe. Il apprend les rythmes, danse et accompagne tout ce qui passe sur son chemin dans les cours \u00e0 Montr\u00e9al. La musique du Br\u00e9sil entre dans son r\u00e9pertoire en 2002, o\u00f9 il se joint \u00e0 une \u00e9cole locale, pour ensuite voyager au Br\u00e9sil et participer au carnaval de Salvador da Bahia. Il re\u00e7oit en 2016 le titre de \u00ab Mestre \u00bb par le Grand Mestre Vovo Saramanda, comme reconnaissance dans son implication dans la communaut\u00e9 br\u00e9silienne.<\/p>\n\n\n\n<p style=\"text-align: justify;\">C\u2019est en 2008 qu\u2019il fonde sa troupe de percussions TERRATO (nom form\u00e9 \u00e0 partir des mots \u00ab terre \u00e0 tous \u00bb) avec 11 personnes. Il s\u2019inspirera des apprentissages tir\u00e9s de son voyage au travers des musiques du monde pour cr\u00e9er ses arrangements percussifs. Avec 36 ans d\u2019exp\u00e9rience en musique, dont 31 en percussions, Joe cumule plus de 2000 spectacles. Il partage tous les jours ses connaissances \u00e0 une \u00e9quipe incroyable qui ne cesse de surprendre le public de Montr\u00e9al. Terrato a r\u00e9alis\u00e9 plus de 550 prestations au Canada, dans toutes sortes d\u2019\u00e9v\u00e9nements, et compte aujourd\u2019hui plus de 30 artistes et une vingtaine d\u2019\u00e9tudiants pour assurer la rel\u00e8ve.<\/p>\n\n\n\n<div class=\"su-spacer\" style=\"height:30px\"><\/div>\n\n\n<div class=\"wp-block-image\">\n<figure class=\"aligncenter size-full\"><img loading=\"lazy\" decoding=\"async\" width=\"1024\" height=\"447\" src=\"http:\/\/www.terrato.ca\/wp-content\/uploads\/2025\/01\/ALL.jpg\" alt=\"\" class=\"wp-image-1097\" srcset=\"https:\/\/www.terrato.ca\/wp-content\/uploads\/2025\/01\/ALL.jpg 1024w, https:\/\/www.terrato.ca\/wp-content\/uploads\/2025\/01\/ALL-300x131.jpg 300w, https:\/\/www.terrato.ca\/wp-content\/uploads\/2025\/01\/ALL-768x335.jpg 768w\" sizes=\"auto, (max-width: 1024px) 100vw, 1024px\" \/><\/figure><\/div>","protected":false},"excerpt":{"rendered":"<p>JOE MEPHISTO N\u00e9 en 1980 et initi\u00e9 \u00e0 la musique depuis l\u2019\u00e2ge de 6 ans au piano par sa m\u00e8re,<\/p>\n","protected":false},"author":5,"featured_media":0,"parent":0,"menu_order":0,"comment_status":"closed","ping_status":"closed","template":"","meta":{"_exactmetrics_skip_tracking":false,"_exactmetrics_sitenote_active":false,"_exactmetrics_sitenote_note":"","_exactmetrics_sitenote_category":0,"footnotes":""},"class_list":["post-640","page","type-page","status-publish","hentry"],"_links":{"self":[{"href":"https:\/\/www.terrato.ca\/index.php\/wp-json\/wp\/v2\/pages\/640","targetHints":{"allow":["GET"]}}],"collection":[{"href":"https:\/\/www.terrato.ca\/index.php\/wp-json\/wp\/v2\/pages"}],"about":[{"href":"https:\/\/www.terrato.ca\/index.php\/wp-json\/wp\/v2\/types\/page"}],"author":[{"embeddable":true,"href":"https:\/\/www.terrato.ca\/index.php\/wp-json\/wp\/v2\/users\/5"}],"replies":[{"embeddable":true,"href":"https:\/\/www.terrato.ca\/index.php\/wp-json\/wp\/v2\/comments?post=640"}],"version-history":[{"count":37,"href":"https:\/\/www.terrato.ca\/index.php\/wp-json\/wp\/v2\/pages\/640\/revisions"}],"predecessor-version":[{"id":1110,"href":"https:\/\/www.terrato.ca\/index.php\/wp-json\/wp\/v2\/pages\/640\/revisions\/1110"}],"wp:attachment":[{"href":"https:\/\/www.terrato.ca\/index.php\/wp-json\/wp\/v2\/media?parent=640"}],"curies":[{"name":"wp","href":"https:\/\/api.w.org\/{rel}","templated":true}]}}